{"id":35,"date":"2025-04-02T21:24:37","date_gmt":"2025-04-02T19:24:37","guid":{"rendered":"https:\/\/bree40k.es\/?page_id=35"},"modified":"2026-01-06T18:06:27","modified_gmt":"2026-01-06T17:06:27","slug":"torneo","status":"publish","type":"page","link":"https:\/\/bree40k.es\/?page_id=35","title":{"rendered":"GT 40k Txo!!! 2025"},"content":{"rendered":"\n<figure class=\"wp-block-image size-large is-resized\"><img loading=\"lazy\" decoding=\"async\" width=\"1024\" height=\"805\" src=\"https:\/\/bree40k.es\/wp-content\/uploads\/2025\/04\/Bermeo-6-1024x805.jpg\" alt=\"\" class=\"wp-image-44\" style=\"width:1170px;height:auto\" srcset=\"https:\/\/bree40k.es\/wp-content\/uploads\/2025\/04\/Bermeo-6-1024x805.jpg 1024w, https:\/\/bree40k.es\/wp-content\/uploads\/2025\/04\/Bermeo-6-300x236.jpg 300w, https:\/\/bree40k.es\/wp-content\/uploads\/2025\/04\/Bermeo-6-768x603.jpg 768w, https:\/\/bree40k.es\/wp-content\/uploads\/2025\/04\/Bermeo-6-1536x1207.jpg 1536w, https:\/\/bree40k.es\/wp-content\/uploads\/2025\/04\/Bermeo-6-2048x1609.jpg 2048w\" sizes=\"auto, (max-width: 1024px) 100vw, 1024px\" \/><\/figure>\n\n\n\n<p><\/p>\n\n\n\n<hr class=\"wp-block-separator has-alpha-channel-opacity\"\/>\n\n\n\n<p class=\"has-text-align-center has-x-large-font-size\">3 Y 4 DE MAYO<\/p>\n\n\n\n<p class=\"has-text-align-center has-x-large-font-size\">30 EQUIPOS DE 6 JUGADORES<\/p>\n\n\n\n<p class=\"has-text-align-center has-x-large-font-size\">FORMATO WTC<\/p>\n\n\n\n<p class=\"has-text-align-center has-x-large-font-size\">2000 PUNTOS<\/p>\n\n\n\n<p class=\"has-text-align-center\">Puedes descargarte las bases <a href=\"http:\/\/bree40k.es\/wp-content\/uploads\/2025\/04\/Bases-2025-1.pdf\">Aqu\u00ed<\/a><\/p>\n\n\n\n<hr class=\"wp-block-separator has-alpha-channel-opacity\"\/>\n\n\n\n<p>Os presentamos nuestro evento estrella, el evento al que le dedicamos much\u00edsimo esfuerzo, pero sobre todo much\u00edsimo cari\u00f1o a lo largo de todo el a\u00f1o. Cada a\u00f1o llenamos el front\u00f3n de Bermeo con mesas de juego para albergar nuestro torneo, que por un tiempo fue el m\u00e1s grande organizado en Euskadi y uno de los mas grandes de Espa\u00f1a, por suerte, a d\u00eda de hoy ya existen torneos mas grandes que el nuestro tanto en Euskadi como en el resto del pa\u00eds. En Euskadi, el evento organizado por nuestros queridos amigos de Vitoria del club Battlebunker, con quienes tenemos el orgullo de estar hermanados y que nos alegra que su evento que lo organizan a\u00f1o tras a\u00f1o a finales de Septiembre crezca a\u00f1o a a\u00f1o. Nosotros no pretendemos ya crecer en n\u00famero, cosa que podr\u00edamos hacer sacrificando la calidad y comodidad de los jugadores, pero eso no es una opci\u00f3n para nosotros, desde el comienzo hemos buscado organizar un evento de calidad en la medida de las posibilidades de las que hemos dispuesto a\u00f1o tras a\u00f1o y es algo a lo que nunca vamos a renunciar. Bien es cierto que gracias a vuestra ayuda y la confianza que hab\u00e9is depositado en nosotros durante todos estos a\u00f1os y ediciones hemos podido invertir en mejorar la calidad del evento y cada a\u00f1o procuramos seguir mejorando, persiguiendo vuestro feedback por vuestra comodidad y satisfacci\u00f3n que tambi\u00e9n es la nuestra y porque queremos que os sint\u00e1is como en casa ( o mejor incluso si cabe).<\/p>\n\n\n\n<p>Para que el torneo pueda llevarse a cabo cada a\u00f1o el club se moviliza y realizamos much\u00edsimas tareas entre todos los miembros de BREE, pero los principales culpables de que al torneo no le falte de nada son:<\/p>\n\n\n\n<div class=\"wp-block-media-text is-stacked-on-mobile\" style=\"grid-template-columns:30% auto\"><figure class=\"wp-block-media-text__media\"><img loading=\"lazy\" decoding=\"async\" width=\"596\" height=\"596\" src=\"http:\/\/bree40k.es\/wp-content\/uploads\/2025\/04\/Aitor-foto-web-01.jpg\" alt=\"\" class=\"wp-image-157 size-full\" srcset=\"https:\/\/bree40k.es\/wp-content\/uploads\/2025\/04\/Aitor-foto-web-01.jpg 596w, https:\/\/bree40k.es\/wp-content\/uploads\/2025\/04\/Aitor-foto-web-01-300x300.jpg 300w, https:\/\/bree40k.es\/wp-content\/uploads\/2025\/04\/Aitor-foto-web-01-150x150.jpg 150w\" sizes=\"auto, (max-width: 596px) 100vw, 596px\" \/><\/figure><div class=\"wp-block-media-text__content\">\n<p>AITOR IBARRA<\/p>\n\n\n\n<p>Aitor Ibarra es el encargado de las comunicaciones con el ayuntamiento para poder disponer del lugar donde se celebra el evento, los permisos necesarios y organizar todos los preparativos a este respecto. Tambi\u00e9n es nuestro responsable audiovisual y persona fundamental en la organizaci\u00f3n del evento.<\/p>\n<\/div><\/div>\n\n\n\n<div class=\"wp-block-media-text is-stacked-on-mobile\" style=\"grid-template-columns:30% auto\"><figure class=\"wp-block-media-text__media\"><img loading=\"lazy\" decoding=\"async\" width=\"596\" height=\"596\" src=\"http:\/\/bree40k.es\/wp-content\/uploads\/2025\/04\/Ini-foto-web-01.jpg\" alt=\"\" class=\"wp-image-158 size-full\" srcset=\"https:\/\/bree40k.es\/wp-content\/uploads\/2025\/04\/Ini-foto-web-01.jpg 596w, https:\/\/bree40k.es\/wp-content\/uploads\/2025\/04\/Ini-foto-web-01-300x300.jpg 300w, https:\/\/bree40k.es\/wp-content\/uploads\/2025\/04\/Ini-foto-web-01-150x150.jpg 150w\" sizes=\"auto, (max-width: 596px) 100vw, 596px\" \/><\/figure><div class=\"wp-block-media-text__content\">\n<p>I\u00d1IGO IBARRA<\/p>\n\n\n\n<p>I\u00f1igo Ibarra es el encargado de la escenograf\u00eda en BREE. Tambi\u00e9n es uno de nuestros mejores representantes como relaciones p\u00fablicas, I\u00f1igo es muy querido por todo el mundo all\u00e1 por donde va gracias a su alegr\u00eda que te contagia por tanto cuando vengas al torneo es muy probable que le encuentres en la barra ejerciendo su trabajo como buen profesional que es. Por descontado, pieza clave tambi\u00e9n.<\/p>\n<\/div><\/div>\n\n\n\n<div class=\"wp-block-media-text is-stacked-on-mobile\" style=\"grid-template-columns:30% auto\"><figure class=\"wp-block-media-text__media\"><img loading=\"lazy\" decoding=\"async\" width=\"596\" height=\"596\" src=\"http:\/\/bree40k.es\/wp-content\/uploads\/2025\/04\/Ivan-foto-web-01.jpg\" alt=\"\" class=\"wp-image-156 size-full\" srcset=\"https:\/\/bree40k.es\/wp-content\/uploads\/2025\/04\/Ivan-foto-web-01.jpg 596w, https:\/\/bree40k.es\/wp-content\/uploads\/2025\/04\/Ivan-foto-web-01-300x300.jpg 300w, https:\/\/bree40k.es\/wp-content\/uploads\/2025\/04\/Ivan-foto-web-01-150x150.jpg 150w\" sizes=\"auto, (max-width: 596px) 100vw, 596px\" \/><\/figure><div class=\"wp-block-media-text__content\">\n<p>IVAN ANDRES<\/p>\n\n\n\n<p>Ivan Andres es un poco la cara visible de BREE.  Se encarga de que todas las \u00e1reas vayan avanzando, lleva el BCP, maneja el grupo de capitanes y es el responsable arbitral, por tanto, pieza clave para que el evento transcurra sin eventualidades.<\/p>\n<\/div><\/div>\n\n\n\n<p><\/p>\n\n\n\n<p><\/p>\n\n\n\n<p><\/p>\n\n\n\n<p><\/p>\n\n\n\n<hr class=\"wp-block-separator has-alpha-channel-opacity\"\/>\n\n\n\n<figure class=\"wp-block-embed is-type-video is-provider-youtube wp-block-embed-youtube wp-embed-aspect-16-9 wp-has-aspect-ratio\"><div class=\"wp-block-embed__wrapper\">\n<div class=\"nv-iframe-embed\"><iframe loading=\"lazy\" title=\"VI Edicion del GT de Bermeo 40k Txo!!!\" width=\"1200\" height=\"675\" src=\"https:\/\/www.youtube.com\/embed\/CTDHbaVw6LM?start=8&#038;feature=oembed\" frameborder=\"0\" allow=\"accelerometer; autoplay; clipboard-write; encrypted-media; gyroscope; picture-in-picture; web-share\" referrerpolicy=\"strict-origin-when-cross-origin\" allowfullscreen><\/iframe><\/div>\n<\/div><\/figure>\n\n\n\n<p><\/p>\n\n\n\n<figure class=\"wp-block-embed is-type-video is-provider-youtube wp-block-embed-youtube wp-embed-aspect-16-9 wp-has-aspect-ratio\"><div class=\"wp-block-embed__wrapper\">\n<div class=\"nv-iframe-embed\"><iframe loading=\"lazy\" title=\"Audio promocional VI GT de Bermeo 40k txo!!!\" width=\"1200\" height=\"675\" src=\"https:\/\/www.youtube.com\/embed\/Du39zE7xQss?feature=oembed\" frameborder=\"0\" allow=\"accelerometer; autoplay; clipboard-write; encrypted-media; gyroscope; picture-in-picture; web-share\" referrerpolicy=\"strict-origin-when-cross-origin\" allowfullscreen><\/iframe><\/div>\n<\/div><\/figure>\n\n\n\n<p class=\"has-text-align-center has-x-large-font-size\"><strong>PATROCINADORES<\/strong><\/p>\n\n\n\n<div class=\"wp-block-group\"><div class=\"wp-block-group__inner-container is-layout-flow wp-block-group-is-layout-flow\">\n<figure class=\"wp-block-gallery has-nested-images columns-4 is-cropped wp-block-gallery-1 is-layout-flex wp-block-gallery-is-layout-flex\">\n<figure class=\"wp-block-image size-medium is-style-default\"><img loading=\"lazy\" decoding=\"async\" width=\"300\" height=\"300\" data-id=\"58\" src=\"http:\/\/bree40k.es\/wp-content\/uploads\/2025\/04\/Logo-1-300x300.png\" alt=\"\" class=\"wp-image-58\" srcset=\"https:\/\/bree40k.es\/wp-content\/uploads\/2025\/04\/Logo-1-300x300.png 300w, https:\/\/bree40k.es\/wp-content\/uploads\/2025\/04\/Logo-1-150x150.png 150w, https:\/\/bree40k.es\/wp-content\/uploads\/2025\/04\/Logo-1-768x768.png 768w, https:\/\/bree40k.es\/wp-content\/uploads\/2025\/04\/Logo-1.png 930w\" sizes=\"auto, (max-width: 300px) 100vw, 300px\" \/><\/figure>\n\n\n\n<figure class=\"wp-block-image size-large is-style-default\"><img loading=\"lazy\" decoding=\"async\" width=\"1024\" height=\"576\" data-id=\"105\" src=\"http:\/\/bree40k.es\/wp-content\/uploads\/2025\/04\/Logo-Astrategas-1024x576.jpg\" alt=\"\" class=\"wp-image-105\" srcset=\"https:\/\/bree40k.es\/wp-content\/uploads\/2025\/04\/Logo-Astrategas-1024x576.jpg 1024w, https:\/\/bree40k.es\/wp-content\/uploads\/2025\/04\/Logo-Astrategas-300x169.jpg 300w, https:\/\/bree40k.es\/wp-content\/uploads\/2025\/04\/Logo-Astrategas-768x432.jpg 768w, https:\/\/bree40k.es\/wp-content\/uploads\/2025\/04\/Logo-Astrategas.jpg 1201w\" sizes=\"auto, (max-width: 1024px) 100vw, 1024px\" \/><\/figure>\n\n\n\n<figure class=\"wp-block-image size-large\"><img loading=\"lazy\" decoding=\"async\" width=\"1024\" height=\"1024\" data-id=\"59\" src=\"http:\/\/bree40k.es\/wp-content\/uploads\/2025\/04\/logo-el-gante-elegante-1024x1024.png\" alt=\"\" class=\"wp-image-59\" srcset=\"https:\/\/bree40k.es\/wp-content\/uploads\/2025\/04\/logo-el-gante-elegante-1024x1024.png 1024w, https:\/\/bree40k.es\/wp-content\/uploads\/2025\/04\/logo-el-gante-elegante-300x300.png 300w, https:\/\/bree40k.es\/wp-content\/uploads\/2025\/04\/logo-el-gante-elegante-150x150.png 150w, https:\/\/bree40k.es\/wp-content\/uploads\/2025\/04\/logo-el-gante-elegante-768x768.png 768w, https:\/\/bree40k.es\/wp-content\/uploads\/2025\/04\/logo-el-gante-elegante-1536x1536.png 1536w, https:\/\/bree40k.es\/wp-content\/uploads\/2025\/04\/logo-el-gante-elegante.png 1772w\" sizes=\"auto, (max-width: 1024px) 100vw, 1024px\" \/><\/figure>\n\n\n\n<figure class=\"wp-block-image size-large\"><img loading=\"lazy\" decoding=\"async\" width=\"1024\" height=\"1024\" data-id=\"107\" src=\"http:\/\/bree40k.es\/wp-content\/uploads\/2025\/04\/LOGO-TCB-1024x1024.png\" alt=\"\" class=\"wp-image-107\" srcset=\"https:\/\/bree40k.es\/wp-content\/uploads\/2025\/04\/LOGO-TCB-1024x1024.png 1024w, https:\/\/bree40k.es\/wp-content\/uploads\/2025\/04\/LOGO-TCB-300x300.png 300w, https:\/\/bree40k.es\/wp-content\/uploads\/2025\/04\/LOGO-TCB-150x150.png 150w, https:\/\/bree40k.es\/wp-content\/uploads\/2025\/04\/LOGO-TCB-768x768.png 768w, https:\/\/bree40k.es\/wp-content\/uploads\/2025\/04\/LOGO-TCB-1536x1536.png 1536w, https:\/\/bree40k.es\/wp-content\/uploads\/2025\/04\/LOGO-TCB-2048x2048.png 2048w\" sizes=\"auto, (max-width: 1024px) 100vw, 1024px\" \/><\/figure>\n\n\n\n<figure class=\"wp-block-image size-large\"><img loading=\"lazy\" decoding=\"async\" width=\"1010\" height=\"1024\" data-id=\"103\" src=\"http:\/\/bree40k.es\/wp-content\/uploads\/2025\/04\/Logo-trolls-cave-1010x1024.jpg\" alt=\"\" class=\"wp-image-103\" srcset=\"https:\/\/bree40k.es\/wp-content\/uploads\/2025\/04\/Logo-trolls-cave-1010x1024.jpg 1010w, https:\/\/bree40k.es\/wp-content\/uploads\/2025\/04\/Logo-trolls-cave-296x300.jpg 296w, https:\/\/bree40k.es\/wp-content\/uploads\/2025\/04\/Logo-trolls-cave-768x779.jpg 768w, https:\/\/bree40k.es\/wp-content\/uploads\/2025\/04\/Logo-trolls-cave-1514x1536.jpg 1514w\" sizes=\"auto, (max-width: 1010px) 100vw, 1010px\" \/><\/figure>\n\n\n\n<figure class=\"wp-block-image size-full\"><img loading=\"lazy\" decoding=\"async\" width=\"180\" height=\"164\" data-id=\"67\" src=\"http:\/\/bree40k.es\/wp-content\/uploads\/2025\/04\/bandua.jpg\" alt=\"\" class=\"wp-image-67\"\/><\/figure>\n\n\n\n<figure class=\"wp-block-image size-full\"><img loading=\"lazy\" decoding=\"async\" width=\"1051\" height=\"789\" data-id=\"104\" src=\"http:\/\/bree40k.es\/wp-content\/uploads\/2025\/04\/Logo-tyka-dice.jpg\" alt=\"\" class=\"wp-image-104\" srcset=\"https:\/\/bree40k.es\/wp-content\/uploads\/2025\/04\/Logo-tyka-dice.jpg 1051w, https:\/\/bree40k.es\/wp-content\/uploads\/2025\/04\/Logo-tyka-dice-300x225.jpg 300w, https:\/\/bree40k.es\/wp-content\/uploads\/2025\/04\/Logo-tyka-dice-1024x769.jpg 1024w, https:\/\/bree40k.es\/wp-content\/uploads\/2025\/04\/Logo-tyka-dice-768x577.jpg 768w\" sizes=\"auto, (max-width: 1051px) 100vw, 1051px\" \/><\/figure>\n\n\n\n<figure class=\"wp-block-image size-full\"><img loading=\"lazy\" decoding=\"async\" width=\"585\" height=\"585\" data-id=\"63\" src=\"http:\/\/bree40k.es\/wp-content\/uploads\/2025\/04\/Logo-4.png\" alt=\"\" class=\"wp-image-63\" srcset=\"https:\/\/bree40k.es\/wp-content\/uploads\/2025\/04\/Logo-4.png 585w, https:\/\/bree40k.es\/wp-content\/uploads\/2025\/04\/Logo-4-300x300.png 300w, https:\/\/bree40k.es\/wp-content\/uploads\/2025\/04\/Logo-4-150x150.png 150w\" sizes=\"auto, (max-width: 585px) 100vw, 585px\" \/><\/figure>\n\n\n\n<figure class=\"wp-block-image size-full\"><img loading=\"lazy\" decoding=\"async\" width=\"356\" height=\"356\" data-id=\"111\" src=\"https:\/\/bree40k.es\/wp-content\/uploads\/2025\/04\/Logo-ayunta-web-1.jpg\" alt=\"\" class=\"wp-image-111\" srcset=\"https:\/\/bree40k.es\/wp-content\/uploads\/2025\/04\/Logo-ayunta-web-1.jpg 356w, https:\/\/bree40k.es\/wp-content\/uploads\/2025\/04\/Logo-ayunta-web-1-300x300.jpg 300w, https:\/\/bree40k.es\/wp-content\/uploads\/2025\/04\/Logo-ayunta-web-1-150x150.jpg 150w\" sizes=\"auto, (max-width: 356px) 100vw, 356px\" \/><\/figure>\n\n\n\n<figure class=\"wp-block-image size-full\"><img loading=\"lazy\" decoding=\"async\" width=\"356\" height=\"356\" data-id=\"112\" src=\"https:\/\/bree40k.es\/wp-content\/uploads\/2025\/04\/Logo-tarratadie-web.jpg\" alt=\"\" class=\"wp-image-112\" srcset=\"https:\/\/bree40k.es\/wp-content\/uploads\/2025\/04\/Logo-tarratadie-web.jpg 356w, https:\/\/bree40k.es\/wp-content\/uploads\/2025\/04\/Logo-tarratadie-web-300x300.jpg 300w, https:\/\/bree40k.es\/wp-content\/uploads\/2025\/04\/Logo-tarratadie-web-150x150.jpg 150w\" sizes=\"auto, (max-width: 356px) 100vw, 356px\" \/><\/figure>\n\n\n\n<figure class=\"wp-block-image size-full\"><img loading=\"lazy\" decoding=\"async\" width=\"356\" height=\"356\" data-id=\"113\" src=\"https:\/\/bree40k.es\/wp-content\/uploads\/2025\/04\/Logo-walpurgis-web.jpg\" alt=\"\" class=\"wp-image-113\" srcset=\"https:\/\/bree40k.es\/wp-content\/uploads\/2025\/04\/Logo-walpurgis-web.jpg 356w, https:\/\/bree40k.es\/wp-content\/uploads\/2025\/04\/Logo-walpurgis-web-300x300.jpg 300w, https:\/\/bree40k.es\/wp-content\/uploads\/2025\/04\/Logo-walpurgis-web-150x150.jpg 150w\" sizes=\"auto, (max-width: 356px) 100vw, 356px\" \/><\/figure>\n\n\n\n<figure class=\"wp-block-image size-large\"><img loading=\"lazy\" decoding=\"async\" width=\"1024\" height=\"859\" data-id=\"61\" src=\"http:\/\/bree40k.es\/wp-content\/uploads\/2025\/04\/Logo-Julen-Martin-1-1-1024x859.jpg\" alt=\"\" class=\"wp-image-61\" srcset=\"https:\/\/bree40k.es\/wp-content\/uploads\/2025\/04\/Logo-Julen-Martin-1-1-1024x859.jpg 1024w, https:\/\/bree40k.es\/wp-content\/uploads\/2025\/04\/Logo-Julen-Martin-1-1-300x252.jpg 300w, https:\/\/bree40k.es\/wp-content\/uploads\/2025\/04\/Logo-Julen-Martin-1-1-768x644.jpg 768w, https:\/\/bree40k.es\/wp-content\/uploads\/2025\/04\/Logo-Julen-Martin-1-1-1536x1288.jpg 1536w, https:\/\/bree40k.es\/wp-content\/uploads\/2025\/04\/Logo-Julen-Martin-1-1-2048x1717.jpg 2048w\" sizes=\"auto, (max-width: 1024px) 100vw, 1024px\" \/><\/figure>\n\n\n\n<figure class=\"wp-block-image size-full\"><img loading=\"lazy\" decoding=\"async\" width=\"356\" height=\"356\" data-id=\"114\" src=\"https:\/\/bree40k.es\/wp-content\/uploads\/2025\/04\/Logo-luma-web.jpg\" alt=\"\" class=\"wp-image-114\" srcset=\"https:\/\/bree40k.es\/wp-content\/uploads\/2025\/04\/Logo-luma-web.jpg 356w, https:\/\/bree40k.es\/wp-content\/uploads\/2025\/04\/Logo-luma-web-300x300.jpg 300w, https:\/\/bree40k.es\/wp-content\/uploads\/2025\/04\/Logo-luma-web-150x150.jpg 150w\" sizes=\"auto, (max-width: 356px) 100vw, 356px\" \/><\/figure>\n\n\n\n<figure class=\"wp-block-image size-full\"><img loading=\"lazy\" decoding=\"async\" width=\"113\" height=\"136\" data-id=\"115\" src=\"https:\/\/bree40k.es\/wp-content\/uploads\/2025\/04\/Logo-La-Guarida-1.jpg\" alt=\"\" class=\"wp-image-115\"\/><\/figure>\n\n\n\n<figure class=\"wp-block-image size-full\"><img loading=\"lazy\" decoding=\"async\" width=\"356\" height=\"356\" data-id=\"116\" src=\"https:\/\/bree40k.es\/wp-content\/uploads\/2025\/04\/Logo-trato-web.jpg\" alt=\"\" class=\"wp-image-116\" srcset=\"https:\/\/bree40k.es\/wp-content\/uploads\/2025\/04\/Logo-trato-web.jpg 356w, https:\/\/bree40k.es\/wp-content\/uploads\/2025\/04\/Logo-trato-web-300x300.jpg 300w, https:\/\/bree40k.es\/wp-content\/uploads\/2025\/04\/Logo-trato-web-150x150.jpg 150w\" sizes=\"auto, (max-width: 356px) 100vw, 356px\" \/><\/figure>\n\n\n\n<figure class=\"wp-block-image size-full\"><img loading=\"lazy\" decoding=\"async\" width=\"356\" height=\"356\" data-id=\"118\" src=\"https:\/\/bree40k.es\/wp-content\/uploads\/2025\/04\/Logo-impriwars-web-1.jpg\" alt=\"\" class=\"wp-image-118\" srcset=\"https:\/\/bree40k.es\/wp-content\/uploads\/2025\/04\/Logo-impriwars-web-1.jpg 356w, https:\/\/bree40k.es\/wp-content\/uploads\/2025\/04\/Logo-impriwars-web-1-300x300.jpg 300w, https:\/\/bree40k.es\/wp-content\/uploads\/2025\/04\/Logo-impriwars-web-1-150x150.jpg 150w\" sizes=\"auto, (max-width: 356px) 100vw, 356px\" \/><\/figure>\n<\/figure>\n<\/div><\/div>\n\n\n\n<hr class=\"wp-block-separator has-alpha-channel-opacity\"\/>\n\n\n\n<p><\/p>\n","protected":false},"excerpt":{"rendered":"<p>3 Y 4 DE MAYO 30 EQUIPOS DE 6 JUGADORES FORMATO WTC 2000 PUNTOS Puedes descargarte las bases Aqu\u00ed Os presentamos nuestro evento estrella, el evento al que le dedicamos&hellip;&nbsp;<a href=\"https:\/\/bree40k.es\/?page_id=35\" rel=\"bookmark\"><span class=\"screen-reader-text\">GT 40k Txo!!! 2025<\/span><\/a><\/p>\n","protected":false},"author":1,"featured_media":0,"parent":0,"menu_order":0,"comment_status":"closed","ping_status":"closed","template":"","meta":{"neve_meta_sidebar":"","neve_meta_container":"","neve_meta_enable_content_width":"","neve_meta_content_width":0,"neve_meta_title_alignment":"","neve_meta_author_avatar":"","neve_post_elements_order":"","neve_meta_disable_header":"","neve_meta_disable_footer":"","neve_meta_disable_title":"","footnotes":""},"class_list":["post-35","page","type-page","status-publish","hentry"],"_links":{"self":[{"href":"https:\/\/bree40k.es\/index.php?rest_route=\/wp\/v2\/pages\/35","targetHints":{"allow":["GET"]}}],"collection":[{"href":"https:\/\/bree40k.es\/index.php?rest_route=\/wp\/v2\/pages"}],"about":[{"href":"https:\/\/bree40k.es\/index.php?rest_route=\/wp\/v2\/types\/page"}],"author":[{"embeddable":true,"href":"https:\/\/bree40k.es\/index.php?rest_route=\/wp\/v2\/users\/1"}],"replies":[{"embeddable":true,"href":"https:\/\/bree40k.es\/index.php?rest_route=%2Fwp%2Fv2%2Fcomments&post=35"}],"version-history":[{"count":21,"href":"https:\/\/bree40k.es\/index.php?rest_route=\/wp\/v2\/pages\/35\/revisions"}],"predecessor-version":[{"id":225,"href":"https:\/\/bree40k.es\/index.php?rest_route=\/wp\/v2\/pages\/35\/revisions\/225"}],"wp:attachment":[{"href":"https:\/\/bree40k.es\/index.php?rest_route=%2Fwp%2Fv2%2Fmedia&parent=35"}],"curies":[{"name":"wp","href":"https:\/\/api.w.org\/{rel}","templated":true}]}}