{"id":163,"date":"2025-04-06T12:03:37","date_gmt":"2025-04-06T10:03:37","guid":{"rendered":"https:\/\/bree40k.es\/?page_id=163"},"modified":"2025-04-07T19:02:18","modified_gmt":"2025-04-07T17:02:18","slug":"clubes-amigos-y-hermanados","status":"publish","type":"page","link":"https:\/\/bree40k.es\/?page_id=163","title":{"rendered":"Clubes amigos y hermanados"},"content":{"rendered":"\n<p>Quer\u00edamos dedicar una p\u00e1gina exclusivamente a todos los clubes amigos y hermanados, por suerte este es un cap\u00edtulo largo, tenemos la suerte de disfrutar de una comunidad muy grande y muy sana y todo eso es gracias al trabajo y esfuerzo de todos estos clubes:<\/p>\n\n\n\n<hr class=\"wp-block-separator has-alpha-channel-opacity\"\/>\n\n\n\n<h2 class=\"wp-block-heading has-text-align-center\">LA GUARIDA<\/h2>\n\n\n<div class=\"wp-block-image\">\n<figure class=\"aligncenter size-full\"><img loading=\"lazy\" decoding=\"async\" width=\"113\" height=\"136\" src=\"http:\/\/bree40k.es\/wp-content\/uploads\/2025\/04\/Logo-La-Guarida-1.jpg\" alt=\"\" class=\"wp-image-115\"\/><\/figure>\n<\/div>\n\n\n<p>Tenemos mucho que agradecer desde Bree la ayuda recibida por tantos clubes que han hecho posible el crecimiento exponencial de nuestro club, sin todos ellos no hubiese sido posible. En especial queremos agradecer al club La Guarida, con quienes tenemos una relaci\u00f3n muy muy estrecha y cercana y que se han desvivido en ayudarnos siempre, es algo que jam\u00e1s vamos a olvidar y siempre estar\u00e1n en nuestros corazones. Quiero expresar nuestro m\u00e1s sincero agradecimiento por la maravillosa colaboraci\u00f3n y el apoyo que nos hab\u00e9is brindado. Vuestra amistad y compromiso han sido fundamentales para fortalecer nuestros lazos y hacer de nuestras actividades algo a\u00fan m\u00e1s especial.<\/p>\n\n\n\n<p>Apreciamos cada momento compartido y todas las experiencias que hemos vivido juntos. Estamos emocionados por lo que el futuro nos depara y esperamos seguir trabajando codo a codo en proyectos que beneficien a nuestra comunidad.<\/p>\n\n\n\n<p>\u00a1Gracias por ser un club hermano tan incre\u00edble!<\/p>\n\n\n\n<p>Eskerrik asko benetan La Guarida.<\/p>\n\n\n\n<hr class=\"wp-block-separator has-alpha-channel-opacity\"\/>\n\n\n\n<h2 class=\"wp-block-heading has-text-align-center\">BATTLEBUNKER<\/h2>\n\n\n<div class=\"wp-block-image\">\n<figure class=\"aligncenter size-thumbnail\"><img loading=\"lazy\" decoding=\"async\" width=\"150\" height=\"150\" src=\"https:\/\/bree40k.es\/wp-content\/uploads\/2025\/04\/Logo-BBunker-150x150.png\" alt=\"\" class=\"wp-image-170\" srcset=\"https:\/\/bree40k.es\/wp-content\/uploads\/2025\/04\/Logo-BBunker-150x150.png 150w, https:\/\/bree40k.es\/wp-content\/uploads\/2025\/04\/Logo-BBunker-300x300.png 300w, https:\/\/bree40k.es\/wp-content\/uploads\/2025\/04\/Logo-BBunker-1024x1024.png 1024w, https:\/\/bree40k.es\/wp-content\/uploads\/2025\/04\/Logo-BBunker-768x768.png 768w, https:\/\/bree40k.es\/wp-content\/uploads\/2025\/04\/Logo-BBunker.png 1090w\" sizes=\"auto, (max-width: 150px) 100vw, 150px\" \/><\/figure>\n<\/div>\n\n\n<p>Nuestro amigos de Battlebunker siempre han estado ah\u00ed para ayudarnos en la organizaci\u00f3n de nuestros eventos tray\u00e9ndonos escenograf\u00eda para poder acoger a mas gente en nuestro evento a\u00f1o tras a\u00f1o y no solo trayendo la escenograf\u00eda sino echando una mano a montar las mesas muchas veces a horas intempestivas teniendo que madrugar para jugar al d\u00eda siguiente, los peque\u00f1os detalles definen a las personas ( a los clubes en este caso) y en BREE no somos ajenos a estos actos y lo agradecemos de coraz\u00f3n.<\/p>\n\n\n\n<p>Eskerrik asko Battlebunker!!!!<\/p>\n\n\n\n<hr class=\"wp-block-separator has-alpha-channel-opacity\"\/>\n\n\n\n<h2 class=\"wp-block-heading has-text-align-center\">ORDO NAVARRORUM<\/h2>\n\n\n<div class=\"wp-block-image\">\n<figure class=\"aligncenter size-full\"><img loading=\"lazy\" decoding=\"async\" width=\"225\" height=\"225\" src=\"http:\/\/bree40k.es\/wp-content\/uploads\/2025\/04\/LOGO-ORDO.jpg\" alt=\"\" class=\"wp-image-177\" srcset=\"https:\/\/bree40k.es\/wp-content\/uploads\/2025\/04\/LOGO-ORDO.jpg 225w, https:\/\/bree40k.es\/wp-content\/uploads\/2025\/04\/LOGO-ORDO-150x150.jpg 150w\" sizes=\"auto, (max-width: 225px) 100vw, 225px\" \/><\/figure>\n<\/div>\n\n\n<p>Del Ordo Navarrorum tendr\u00edamos que clonar el p\u00e1rrafo anterior, nuestros hermanos navarros siempre dispuestos a ayudar en lo que haga falta, eskerrik asko Ordo, gora zuek!!!!<\/p>\n\n\n\n<hr class=\"wp-block-separator has-alpha-channel-opacity\"\/>\n\n\n\n<h2 class=\"wp-block-heading has-text-align-center\">LUDUS FORAMONTANOS<\/h2>\n\n\n<div class=\"wp-block-image\">\n<figure class=\"aligncenter size-full\"><img loading=\"lazy\" decoding=\"async\" width=\"224\" height=\"225\" src=\"http:\/\/bree40k.es\/wp-content\/uploads\/2025\/04\/LOGO-LUDUS.jpg\" alt=\"\" class=\"wp-image-181\" srcset=\"https:\/\/bree40k.es\/wp-content\/uploads\/2025\/04\/LOGO-LUDUS.jpg 224w, https:\/\/bree40k.es\/wp-content\/uploads\/2025\/04\/LOGO-LUDUS-150x150.jpg 150w\" sizes=\"auto, (max-width: 224px) 100vw, 224px\" \/><\/figure>\n<\/div>\n\n\n<p>M\u00e1s de lo mismo, no queremos repetirnos, agradecer a los compa\u00f1eros de Ludus la predisposici\u00f3n siempre.<\/p>\n\n\n\n<hr class=\"wp-block-separator has-alpha-channel-opacity\"\/>\n\n\n\n<h2 class=\"wp-block-heading has-text-align-center\">Y MUCHOS M\u00c1S<\/h2>\n\n\n\n<figure class=\"wp-block-gallery has-nested-images columns-default is-cropped wp-block-gallery-1 is-layout-flex wp-block-gallery-is-layout-flex\">\n<figure class=\"wp-block-image size-large\"><img loading=\"lazy\" decoding=\"async\" width=\"225\" height=\"224\" data-id=\"186\" src=\"https:\/\/bree40k.es\/wp-content\/uploads\/2025\/04\/LOGO-BILBOHAMMER.png\" alt=\"\" class=\"wp-image-186\" srcset=\"https:\/\/bree40k.es\/wp-content\/uploads\/2025\/04\/LOGO-BILBOHAMMER.png 225w, https:\/\/bree40k.es\/wp-content\/uploads\/2025\/04\/LOGO-BILBOHAMMER-150x150.png 150w\" sizes=\"auto, (max-width: 225px) 100vw, 225px\" \/><\/figure>\n\n\n\n<figure class=\"wp-block-image size-large\"><img loading=\"lazy\" decoding=\"async\" width=\"400\" height=\"400\" data-id=\"184\" src=\"https:\/\/bree40k.es\/wp-content\/uploads\/2025\/04\/LOGO-ENDEREN.jpg\" alt=\"\" class=\"wp-image-184\" srcset=\"https:\/\/bree40k.es\/wp-content\/uploads\/2025\/04\/LOGO-ENDEREN.jpg 400w, https:\/\/bree40k.es\/wp-content\/uploads\/2025\/04\/LOGO-ENDEREN-300x300.jpg 300w, https:\/\/bree40k.es\/wp-content\/uploads\/2025\/04\/LOGO-ENDEREN-150x150.jpg 150w\" sizes=\"auto, (max-width: 400px) 100vw, 400px\" \/><\/figure>\n\n\n\n<figure class=\"wp-block-image size-large\"><img loading=\"lazy\" decoding=\"async\" width=\"1024\" height=\"1024\" data-id=\"185\" src=\"https:\/\/bree40k.es\/wp-content\/uploads\/2025\/04\/LOGO-KRAKENS-1024x1024.png\" alt=\"\" class=\"wp-image-185\" srcset=\"https:\/\/bree40k.es\/wp-content\/uploads\/2025\/04\/LOGO-KRAKENS-1024x1024.png 1024w, https:\/\/bree40k.es\/wp-content\/uploads\/2025\/04\/LOGO-KRAKENS-300x300.png 300w, https:\/\/bree40k.es\/wp-content\/uploads\/2025\/04\/LOGO-KRAKENS-150x150.png 150w, https:\/\/bree40k.es\/wp-content\/uploads\/2025\/04\/LOGO-KRAKENS-768x768.png 768w, https:\/\/bree40k.es\/wp-content\/uploads\/2025\/04\/LOGO-KRAKENS-1536x1536.png 1536w, https:\/\/bree40k.es\/wp-content\/uploads\/2025\/04\/LOGO-KRAKENS-2048x2048.png 2048w\" sizes=\"auto, (max-width: 1024px) 100vw, 1024px\" \/><\/figure>\n<\/figure>\n\n\n\n<p><\/p>\n\n\n\n<p>No queremos olvidarnos de ninguno porque todo el mundo se ha ofrecido siempre a ayudarnos y por eso estamos agradecidos, eskerrik asko Bilbohammer, Enderen Jokoak y Krakens y m\u00e1s!!! que pedazo de comunidad tenemos, es un gran tesoro, cuid\u00e9moslo.<\/p>\n\n\n\n<hr class=\"wp-block-separator has-alpha-channel-opacity\"\/>\n","protected":false},"excerpt":{"rendered":"<p>Quer\u00edamos dedicar una p\u00e1gina exclusivamente a todos los clubes amigos y hermanados, por suerte este es un cap\u00edtulo largo, tenemos la suerte de disfrutar de una comunidad muy grande y&hellip;&nbsp;<a href=\"https:\/\/bree40k.es\/?page_id=163\" rel=\"bookmark\"><span class=\"screen-reader-text\">Clubes amigos y hermanados<\/span><\/a><\/p>\n","protected":false},"author":1,"featured_media":0,"parent":0,"menu_order":0,"comment_status":"closed","ping_status":"closed","template":"","meta":{"neve_meta_sidebar":"","neve_meta_container":"","neve_meta_enable_content_width":"","neve_meta_content_width":0,"neve_meta_title_alignment":"","neve_meta_author_avatar":"","neve_post_elements_order":"","neve_meta_disable_header":"","neve_meta_disable_footer":"","neve_meta_disable_title":"","footnotes":""},"class_list":["post-163","page","type-page","status-publish","hentry"],"_links":{"self":[{"href":"https:\/\/bree40k.es\/index.php?rest_route=\/wp\/v2\/pages\/163","targetHints":{"allow":["GET"]}}],"collection":[{"href":"https:\/\/bree40k.es\/index.php?rest_route=\/wp\/v2\/pages"}],"about":[{"href":"https:\/\/bree40k.es\/index.php?rest_route=\/wp\/v2\/types\/page"}],"author":[{"embeddable":true,"href":"https:\/\/bree40k.es\/index.php?rest_route=\/wp\/v2\/users\/1"}],"replies":[{"embeddable":true,"href":"https:\/\/bree40k.es\/index.php?rest_route=%2Fwp%2Fv2%2Fcomments&post=163"}],"version-history":[{"count":11,"href":"https:\/\/bree40k.es\/index.php?rest_route=\/wp\/v2\/pages\/163\/revisions"}],"predecessor-version":[{"id":190,"href":"https:\/\/bree40k.es\/index.php?rest_route=\/wp\/v2\/pages\/163\/revisions\/190"}],"wp:attachment":[{"href":"https:\/\/bree40k.es\/index.php?rest_route=%2Fwp%2Fv2%2Fmedia&parent=163"}],"curies":[{"name":"wp","href":"https:\/\/api.w.org\/{rel}","templated":true}]}}